{"id":16,"date":"2014-05-06T22:26:53","date_gmt":"2014-05-06T20:26:53","guid":{"rendered":"http:\/\/portail.perspective-implantaire.org\/?page_id=16"},"modified":"2017-03-14T16:59:35","modified_gmt":"2017-03-14T15:59:35","slug":"articles","status":"publish","type":"page","link":"https:\/\/portail.perspective-implantaire.org\/?page_id=16","title":{"rendered":"Comit\u00e9 de Lecture"},"content":{"rendered":"<p><strong>Le comit\u00e9 de lecture recherche et commente les articles bibliographiques des conf\u00e9renciers de la session en cours<\/strong><\/p>\n<p>Le nouveau CL est disponible sous forme de groupe Facebook !<\/p>\n<p>Merci de chercher Perspective Implantaire (groupe priv\u00e9) sur Facebook<\/p>\n<p>Si vous \u00eates membres de Perspective Implantaire, votre acc\u00e8s sera accord\u00e9.<\/p>\n<p>&nbsp;<\/p>\n<p>&nbsp;<\/p>\n","protected":false},"excerpt":{"rendered":"<p>Le comit\u00e9 de lecture recherche et commente les articles bibliographiques des conf\u00e9renciers de la session en cours Le nouveau CL est disponible sous forme de groupe Facebook ! Merci de chercher Perspective Implantaire (groupe priv\u00e9) sur Facebook Si vous \u00eates membres de Perspective Implantaire, votre acc\u00e8s sera accord\u00e9. &nbsp; &nbsp;<\/p>\n","protected":false},"author":1,"featured_media":0,"parent":0,"menu_order":0,"comment_status":"closed","ping_status":"closed","template":"","meta":{"footnotes":"","_links_to":"","_links_to_target":""},"class_list":["post-16","page","type-page","status-publish","hentry"],"_links":{"self":[{"href":"https:\/\/portail.perspective-implantaire.org\/index.php?rest_route=\/wp\/v2\/pages\/16","targetHints":{"allow":["GET"]}}],"collection":[{"href":"https:\/\/portail.perspective-implantaire.org\/index.php?rest_route=\/wp\/v2\/pages"}],"about":[{"href":"https:\/\/portail.perspective-implantaire.org\/index.php?rest_route=\/wp\/v2\/types\/page"}],"author":[{"embeddable":true,"href":"https:\/\/portail.perspective-implantaire.org\/index.php?rest_route=\/wp\/v2\/users\/1"}],"replies":[{"embeddable":true,"href":"https:\/\/portail.perspective-implantaire.org\/index.php?rest_route=%2Fwp%2Fv2%2Fcomments&post=16"}],"version-history":[{"count":8,"href":"https:\/\/portail.perspective-implantaire.org\/index.php?rest_route=\/wp\/v2\/pages\/16\/revisions"}],"predecessor-version":[{"id":310,"href":"https:\/\/portail.perspective-implantaire.org\/index.php?rest_route=\/wp\/v2\/pages\/16\/revisions\/310"}],"wp:attachment":[{"href":"https:\/\/portail.perspective-implantaire.org\/index.php?rest_route=%2Fwp%2Fv2%2Fmedia&parent=16"}],"curies":[{"name":"wp","href":"https:\/\/api.w.org\/{rel}","templated":true}]}}